{"id":313,"date":"2024-07-03T16:33:34","date_gmt":"2024-07-03T19:33:34","guid":{"rendered":"https:\/\/esrc.com.br\/2024\/?page_id=313"},"modified":"2024-08-15T13:24:37","modified_gmt":"2024-08-15T16:24:37","slug":"feira-de-ciencias-incentivando-a-pesquisa-e-a-curiosidade-cientifica-no-educa","status":"publish","type":"page","link":"https:\/\/esrc.com.br\/?page_id=313","title":{"rendered":"Feira de Ci\u00eancias: Incentivando a Pesquisa e a Curiosidade Cient\u00edfica no Educa"},"content":{"rendered":"\n<p>O Educa tem o prazer de apresentar a nossa Feira de Ci\u00eancias, um evento bianual que tem como objetivo principal incentivar a pesquisa cient\u00edfica entre nossos alunos. Este evento \u00e9 uma oportunidade \u00fanica para que nossos estudantes se envolvam profundamente no processo cient\u00edfico, desde a formula\u00e7\u00e3o de hip\u00f3teses at\u00e9 a realiza\u00e7\u00e3o de experimentos e a apresenta\u00e7\u00e3o de resultados.<\/p>\n\n\n\n<p>Na Feira de Ci\u00eancias, cada aluno ou grupo de alunos escolhe um tema de interesse para explorar. Ao longo do processo, eles realizam pesquisas, conduzem experimentos e analisam dados, desenvolvendo um entendimento mais profundo e pr\u00e1tico dos conceitos cient\u00edficos. Este processo n\u00e3o apenas promove o aprendizado, mas tamb\u00e9m desperta a curiosidade e o amor pela ci\u00eancia.<\/p>\n\n\n\n<p>Durante o evento, os alunos t\u00eam a oportunidade de apresentar suas descobertas e experimentos para a comunidade escolar. Eles preparam estandes onde explicam suas pesquisas, demonstram seus experimentos e respondem perguntas dos visitantes. Esta intera\u00e7\u00e3o \u00e9 crucial, pois permite que os alunos desenvolvam habilidades de comunica\u00e7\u00e3o e aprendam a explicar conceitos complexos de maneira acess\u00edvel e interessante.<\/p>\n\n\n\n<p>Al\u00e9m disso, a Feira de Ci\u00eancias do Educa busca levar para a comunidade escolar aquilo que hoje a ci\u00eancia entende como fato cient\u00edfico. \u00c9 uma forma de compartilhar conhecimento atualizado e baseado em evid\u00eancias, contribuindo para uma comunidade mais informada e consciente.<\/p>\n\n\n\n<p>A Feira de Ci\u00eancias tamb\u00e9m fortalece o v\u00ednculo entre a escola e a comunidade. Pais, professores, colegas e outros membros da comunidade escolar s\u00e3o convidados a participar, tornando o evento um momento de celebra\u00e7\u00e3o do conhecimento e da curiosidade cient\u00edfica.<\/p>\n\n\n\n<p>A Feira de Ci\u00eancias do Educa \u00e9 mais do que uma simples exposi\u00e7\u00e3o de projetos, \u00e9 uma celebra\u00e7\u00e3o do esp\u00edrito investigativo e da import\u00e2ncia da ci\u00eancia em nossas vidas. Ao promover a pesquisa e a descoberta, estamos preparando nossos alunos para serem pensadores cr\u00edticos e solucionadores de problemas, capazes de contribuir positivamente para a sociedade.<\/p>\n","protected":false},"excerpt":{"rendered":"<p>O Educa tem o prazer de apresentar a nossa Feira de Ci\u00eancias, um evento bianual que tem como objetivo principal incentivar a pesquisa cient\u00edfica entre nossos alunos. Este evento \u00e9 uma oportunidade \u00fanica para que nossos estudantes se envolvam profundamente no processo cient\u00edfico, desde a formula\u00e7\u00e3o de hip\u00f3teses at\u00e9 a realiza\u00e7\u00e3o de experimentos e a &hellip; <\/p>\n<p class=\"link-more\"><a href=\"https:\/\/esrc.com.br\/?page_id=313\" class=\"more-link\">Continue reading<span class=\"screen-reader-text\"> &#8220;Feira de Ci\u00eancias: Incentivando a Pesquisa e a Curiosidade Cient\u00edfica no Educa&#8221;<\/span><\/a><\/p>\n","protected":false},"author":1,"featured_media":0,"parent":0,"menu_order":0,"comment_status":"closed","ping_status":"closed","template":"page-template\/page-with-right-sidebar.php","meta":{"footnotes":""},"class_list":["post-313","page","type-page","status-publish","hentry"],"_links":{"self":[{"href":"https:\/\/esrc.com.br\/index.php?rest_route=\/wp\/v2\/pages\/313","targetHints":{"allow":["GET"]}}],"collection":[{"href":"https:\/\/esrc.com.br\/index.php?rest_route=\/wp\/v2\/pages"}],"about":[{"href":"https:\/\/esrc.com.br\/index.php?rest_route=\/wp\/v2\/types\/page"}],"author":[{"embeddable":true,"href":"https:\/\/esrc.com.br\/index.php?rest_route=\/wp\/v2\/users\/1"}],"replies":[{"embeddable":true,"href":"https:\/\/esrc.com.br\/index.php?rest_route=%2Fwp%2Fv2%2Fcomments&post=313"}],"version-history":[{"count":2,"href":"https:\/\/esrc.com.br\/index.php?rest_route=\/wp\/v2\/pages\/313\/revisions"}],"predecessor-version":[{"id":414,"href":"https:\/\/esrc.com.br\/index.php?rest_route=\/wp\/v2\/pages\/313\/revisions\/414"}],"wp:attachment":[{"href":"https:\/\/esrc.com.br\/index.php?rest_route=%2Fwp%2Fv2%2Fmedia&parent=313"}],"curies":[{"name":"wp","href":"https:\/\/api.w.org\/{rel}","templated":true}]}}